{"id":45,"date":"2021-10-29T21:59:22","date_gmt":"2021-10-29T19:59:22","guid":{"rendered":"http:\/\/mannschaftsfuehrung.voltsystems.de\/?page_id=45"},"modified":"2022-07-22T12:29:18","modified_gmt":"2022-07-22T10:29:18","slug":"impressum","status":"publish","type":"page","link":"https:\/\/mannschaftsfuehrung.de\/en\/impressum\/","title":{"rendered":"Legal Notice"},"content":{"rendered":"<div style=\"height:50px\" aria-hidden=\"true\" class=\"wp-block-spacer\"><\/div>\n\n\n\n<p class=\"has-medium-font-size\">Information according to \u00a7 5 TMG:<\/p>\n\n\n\n<p class=\"has-medium-font-size\"><strong>mannschaftsfuehrung.de<\/strong> a brand of <\/p>\n\n\n\n<p class=\"has-medium-font-size\"><strong><a rel=\"noreferrer noopener\" href=\"http:\/\/ifc-concepts.com\/\" target=\"_blank\">International Football Concepts GmbH<\/a><\/strong><\/p>\n\n\n\n<p class=\"has-medium-font-size\">Zurstra\u00dfenweg&nbsp;9<\/p>\n\n\n\n<p class=\"has-medium-font-size\">48231&nbsp;Warendorf<\/p>\n\n\n\n<p class=\"has-medium-font-size\">E-Mail: info@mannschaftsfuehrung.de&nbsp;<\/p>\n\n\n\n<p class=\"has-medium-font-size\">Internet: https:\/\/mannschaftsfuehrung.de<\/p>\n\n\n\n<p class=\"has-medium-font-size\"><\/p>\n\n\n\n<p class=\"has-medium-font-size\"><strong>Managing Directors:<\/strong><br>Thorsten Fluck and Alexander Nouri<\/p>\n\n\n\n<p class=\"has-medium-font-size\">Local court Warendorf, HRB 17915<br>Registered office of the company: Warendorf<\/p>\n\n\n\n<p class=\"has-medium-font-size\"><strong>Value added tax identification number in accordance with \u00a727 a of the Value Added Tax Act:<\/strong><\/p>\n\n\n\n<p class=\"has-medium-font-size\">DE 323 787 757<\/p>\n\n\n\n<p><\/p>\n\n\n\n<p class=\"has-medium-font-size\"><strong>Graphics:<\/strong> <\/p>\n\n\n\n<p class=\"has-medium-font-size\">Lamers Mediaservice<\/p>\n\n\n\n<p class=\"has-medium-font-size\"><strong>Banner photo: Alberto Fr\u00edas\/Unsplash<\/strong> Alberto Fr\u00edas\/Unsplash<\/p>\n\n\n\n<hr class=\"wp-block-separator has-alpha-channel-opacity\"\/>\n\n\n\n<p class=\"has-medium-font-size\"><strong>Platform of the EU Commission for online dispute resolution:&nbsp;<\/strong><\/p>\n\n\n\n<p class=\"has-medium-font-size\"><a href=\"https:\/\/ec.europa.eu\/odr\">https:\/\/ec.europa.eu\/odr<\/a><\/p>\n\n\n\n<p class=\"has-medium-font-size\">We are neither obliged nor willing to participate in a dispute resolution procedure before a consumer arbitration board.<\/p>\n\n\n\n<p><\/p>\n\n\n\n<p class=\"has-medium-font-size\"><strong>Exclusion of liability (disclaimer)<\/strong><\/p>\n\n\n\n<p class=\"has-medium-font-size\">Exclusion of liability (disclaimer)<br>https:\/\/mannschaftsfuehrung.de to be considered.<\/p>\n\n\n\n<p class=\"has-medium-font-size\"><strong>General information:<\/strong><br>The details and information on this website are provided for general\ngeneral information purposes. It has been compiled and checked\ncompiled and checked. Nevertheless, no guarantee - neither\nexpressly or implicitly - for the completeness, accuracy\naccuracy, topicality or quality and availability at all times of the\navailability of the information provided at all times.\nbe accepted.<br>-<br>-<br>-<br>-<br>-<br>-<\/p>\n\n\n\n<p class=\"has-medium-font-size\">All offers are subject to change and non-binding. We expressly reserve the\nparts of the website or the entire offer without separate\nto change, supplement or delete parts of the website or the entire website\ncease publication temporarily or permanently.<br>-<br>-<br>-<\/p>\n\n\n\n<p class=\"has-medium-font-size\"><strong>Third-party websites\/links:<\/strong><br>This website contains links or references to third-party websites over whose content\ncontent of which we have no influence. We expressly do not adopt the content on the\nlinked websites expressly not our own. We\ndeclare that at the time of linking to the websites of third parties\nno illegal content was recognisable on the linked pages.\nwere recognisable. If we become aware of any legal infringements on third-party\nlinked third-party websites, we will remove the corresponding links\nimmediately.<br>-<br>-<br>-<br>-<br>-<br>-<br>-<\/p>\n\n\n\n<p class=\"has-medium-font-size\"><strong>Copyright:<\/strong><br>The texts, images, graphics, animations and their arrangement on this website are\nor their arrangement are protected by copyright law and other\nand other protective laws. The duplication, processing, distribution\ndistribution and any kind of utilisation outside the limits of copyright law\nof copyright law requires the prior written consent of the\nrights holder. The contents of this website may not be used\nwritten consent of the copyright holder for commercial purposes.\nbe utilised for commercial purposes.<br>-<br>-<br>-<br>-<br>-<br>-<br>-<\/p>\n\n\n\n<p class=\"has-medium-font-size\">With regard to content not created by the operator, utilisation is subject to\nthe copyrights of third parties.<br>-<\/p>\n\n\n\n<p class=\"has-medium-font-size\"><\/p>","protected":false},"excerpt":{"rendered":"<p>Angaben gem\u00e4\u00df \u00a7 5 TMG: mannschaftsfuehrung.de eine Marke der International Football Concepts GmbH Zurstra\u00dfenweg&nbsp;9 48231&nbsp;Warendorf E-Mail: info@mannschaftsfuehrung.de&nbsp; Internet: https:\/\/mannschaftsfuehrung.de Gesch\u00e4ftsf\u00fchrer:Thorsten Fluck und Alexander Nouri Amtsgericht&nbsp;Warendorf, HRB 17915Sitz&nbsp;der Gesellschaft: Warendorf Umsatzsteuer-Identifikationsnummer gem\u00e4\u00df \u00a727 a&nbsp;Umsatzsteuergesetz: DE 323 787 757 Grafiken: Lamers Mediaservice Bannerfoto: Alberto Fr\u00edas\/Unsplash Plattform der EU-Kommission zur Online-Streitbeilegung:&nbsp; https:\/\/ec.europa.eu\/odr Wir sind zur Teilnahme an einem Streitbeilegungsverfahren vor einer Verbraucherschlichtungsstelle weder verpflichtet noch bereit. Haftungsausschluss&nbsp;(Disclaimer) Diese&nbsp;folgenden Bestimmungen sind als Teil unserer Internetpr\u00e4senz unterhttps:\/\/mannschaftsfuehrung.de zu betrachten. Allgemeines:Die&nbsp;Angaben und Informationen auf dieser Internetpr\u00e4senz erfolgen zuallgemeinen Informationszwecken. Sie wurden mit gr\u00f6\u00dfter Sorgfaltzusammengestellt und gepr\u00fcft. Trotzdem kann keine Gew\u00e4hr \u2013 wederausdr\u00fccklich noch stillschweigend \u2013 f\u00fcr&#8230; <\/p>","protected":false},"author":1,"featured_media":0,"parent":0,"menu_order":0,"comment_status":"closed","ping_status":"closed","template":"template-parts\/template-no-sidebar.php","meta":{"footnotes":""},"class_list":["post-45","page","type-page","status-publish","hentry"],"_links":{"self":[{"href":"https:\/\/mannschaftsfuehrung.de\/en\/wp-json\/wp\/v2\/pages\/45","targetHints":{"allow":["GET"]}}],"collection":[{"href":"https:\/\/mannschaftsfuehrung.de\/en\/wp-json\/wp\/v2\/pages"}],"about":[{"href":"https:\/\/mannschaftsfuehrung.de\/en\/wp-json\/wp\/v2\/types\/page"}],"author":[{"embeddable":true,"href":"https:\/\/mannschaftsfuehrung.de\/en\/wp-json\/wp\/v2\/users\/1"}],"replies":[{"embeddable":true,"href":"https:\/\/mannschaftsfuehrung.de\/en\/wp-json\/wp\/v2\/comments?post=45"}],"version-history":[{"count":10,"href":"https:\/\/mannschaftsfuehrung.de\/en\/wp-json\/wp\/v2\/pages\/45\/revisions"}],"predecessor-version":[{"id":2743,"href":"https:\/\/mannschaftsfuehrung.de\/en\/wp-json\/wp\/v2\/pages\/45\/revisions\/2743"}],"wp:attachment":[{"href":"https:\/\/mannschaftsfuehrung.de\/en\/wp-json\/wp\/v2\/media?parent=45"}],"curies":[{"name":"wp","href":"https:\/\/api.w.org\/{rel}","templated":true}]}}