{"id":39,"date":"2021-10-29T21:57:58","date_gmt":"2021-10-29T19:57:58","guid":{"rendered":"http:\/\/mannschaftsfuehrung.voltsystems.de\/?page_id=39"},"modified":"2022-06-01T22:42:18","modified_gmt":"2022-06-01T20:42:18","slug":"bestellung","status":"publish","type":"page","link":"https:\/\/mannschaftsfuehrung.de\/en\/bestellung\/","title":{"rendered":"Bestellung"},"content":{"rendered":"<style>\/*! elementor - v3.5.5 - 03-02-2022 *\/<br \/>\n.elementor-heading-title{padding:0;margin:0;line-height:1}.elementor-widget-heading .elementor-heading-title[class*=elementor-size-]>a{color:inherit;font-size:inherit;line-height:inherit}.elementor-widget-heading .elementor-heading-title.elementor-size-small{font-size:15px}.elementor-widget-heading .elementor-heading-title.elementor-size-medium{font-size:19px}.elementor-widget-heading .elementor-heading-title.elementor-size-large{font-size:29px}.elementor-widget-heading .elementor-heading-title.elementor-size-xl{font-size:39px}.elementor-widget-heading .elementor-heading-title.elementor-size-xxl{font-size:59px}<\/style>\n<h2>Das bekommst Du f\u00fcr Deinen Preis<\/h2>\n<p><b>Es gibt drei Produkte:<\/b><\/p>\n<ol>\n<li>Selbstbild: Du bewertest Dich selbst und erh\u00e4ltst eine Analyse<\/li>\n<li>Fremdbild: Du l\u00e4sst Dich zus\u00e4tzlich zum Selbstbild von anderen bewerten&nbsp;<\/li>\n<li>Vergleich: Du vergleichst Dich mit anderen Trainern auf gleichem Lizenzlevel<\/li>\n<\/ol>","protected":false},"excerpt":{"rendered":"<p>Das bekommst Du f\u00fcr Deinen Preis Es gibt drei Produkte: Selbstbild: Du bewertest Dich selbst und erh\u00e4ltst eine Analyse Fremdbild: Du l\u00e4sst Dich zus\u00e4tzlich zum Selbstbild von anderen bewerten&nbsp; Vergleich: Du vergleichst Dich mit anderen Trainern auf gleichem Lizenzlevel<\/p>","protected":false},"author":1,"featured_media":0,"parent":0,"menu_order":0,"comment_status":"closed","ping_status":"closed","template":"","meta":{"footnotes":""},"class_list":["post-39","page","type-page","status-publish","hentry"],"_links":{"self":[{"href":"https:\/\/mannschaftsfuehrung.de\/en\/wp-json\/wp\/v2\/pages\/39","targetHints":{"allow":["GET"]}}],"collection":[{"href":"https:\/\/mannschaftsfuehrung.de\/en\/wp-json\/wp\/v2\/pages"}],"about":[{"href":"https:\/\/mannschaftsfuehrung.de\/en\/wp-json\/wp\/v2\/types\/page"}],"author":[{"embeddable":true,"href":"https:\/\/mannschaftsfuehrung.de\/en\/wp-json\/wp\/v2\/users\/1"}],"replies":[{"embeddable":true,"href":"https:\/\/mannschaftsfuehrung.de\/en\/wp-json\/wp\/v2\/comments?post=39"}],"version-history":[{"count":10,"href":"https:\/\/mannschaftsfuehrung.de\/en\/wp-json\/wp\/v2\/pages\/39\/revisions"}],"predecessor-version":[{"id":2124,"href":"https:\/\/mannschaftsfuehrung.de\/en\/wp-json\/wp\/v2\/pages\/39\/revisions\/2124"}],"wp:attachment":[{"href":"https:\/\/mannschaftsfuehrung.de\/en\/wp-json\/wp\/v2\/media?parent=39"}],"curies":[{"name":"wp","href":"https:\/\/api.w.org\/{rel}","templated":true}]}}