{"id":45,"date":"2021-10-29T21:59:22","date_gmt":"2021-10-29T19:59:22","guid":{"rendered":"http:\/\/mannschaftsfuehrung.voltsystems.de\/?page_id=45"},"modified":"2022-07-22T12:29:18","modified_gmt":"2022-07-22T10:29:18","slug":"impressum","status":"publish","type":"page","link":"https:\/\/mannschaftsfuehrung.de\/de\/impressum\/","title":{"rendered":"Impressum"},"content":{"rendered":"\n<div style=\"height:50px\" aria-hidden=\"true\" class=\"wp-block-spacer\"><\/div>\n\n\n\n<p class=\"has-medium-font-size\">Angaben gem\u00e4\u00df \u00a7 5 TMG:<\/p>\n\n\n\n<p class=\"has-medium-font-size\"><strong>mannschaftsfuehrung.de<\/strong> eine Marke der <\/p>\n\n\n\n<p class=\"has-medium-font-size\"><strong><a rel=\"noreferrer noopener\" href=\"http:\/\/ifc-concepts.com\/\" target=\"_blank\">International Football Concepts GmbH<\/a><\/strong><\/p>\n\n\n\n<p class=\"has-medium-font-size\">Zurstra\u00dfenweg&nbsp;9<\/p>\n\n\n\n<p class=\"has-medium-font-size\">48231&nbsp;Warendorf<\/p>\n\n\n\n<p class=\"has-medium-font-size\">E-Mail: info@mannschaftsfuehrung.de&nbsp;<\/p>\n\n\n\n<p class=\"has-medium-font-size\">Internet: https:\/\/mannschaftsfuehrung.de<\/p>\n\n\n\n<p class=\"has-medium-font-size\"><\/p>\n\n\n\n<p class=\"has-medium-font-size\"><strong>Gesch\u00e4ftsf\u00fchrer:<\/strong><br>Thorsten Fluck und Alexander Nouri<\/p>\n\n\n\n<p class=\"has-medium-font-size\">Amtsgericht&nbsp;Warendorf, HRB 17915<br>Sitz&nbsp;der Gesellschaft: Warendorf<\/p>\n\n\n\n<p class=\"has-medium-font-size\"><strong>Umsatzsteuer-Identifikationsnummer gem\u00e4\u00df \u00a727 a&nbsp;Umsatzsteuergesetz:<\/strong><\/p>\n\n\n\n<p class=\"has-medium-font-size\">DE 323 787 757<\/p>\n\n\n\n<p><\/p>\n\n\n\n<p class=\"has-medium-font-size\"><strong>Grafiken:<\/strong> <\/p>\n\n\n\n<p class=\"has-medium-font-size\">Lamers Mediaservice<\/p>\n\n\n\n<p class=\"has-medium-font-size\"><strong>Bannerfoto:<\/strong> Alberto Fr\u00edas\/Unsplash<\/p>\n\n\n\n<hr class=\"wp-block-separator has-alpha-channel-opacity\"\/>\n\n\n\n<p class=\"has-medium-font-size\"><strong>Plattform der EU-Kommission zur Online-Streitbeilegung:&nbsp;<\/strong><\/p>\n\n\n\n<p class=\"has-medium-font-size\"><a href=\"https:\/\/ec.europa.eu\/odr\">https:\/\/ec.europa.eu\/odr<\/a><\/p>\n\n\n\n<p class=\"has-medium-font-size\">Wir sind zur Teilnahme an einem Streitbeilegungsverfahren vor einer Verbraucherschlichtungsstelle weder verpflichtet noch bereit.<\/p>\n\n\n\n<p><\/p>\n\n\n\n<p class=\"has-medium-font-size\"><strong>Haftungsausschluss&nbsp;(Disclaimer)<\/strong><\/p>\n\n\n\n<p class=\"has-medium-font-size\">Diese&nbsp;folgenden Bestimmungen sind als Teil unserer Internetpr\u00e4senz unter<br>https:\/\/mannschaftsfuehrung.de zu betrachten.<\/p>\n\n\n\n<p class=\"has-medium-font-size\"><strong>Allgemeines:<\/strong><br>Die&nbsp;Angaben und Informationen auf dieser Internetpr\u00e4senz erfolgen zu<br>allgemeinen Informationszwecken. Sie wurden mit gr\u00f6\u00dfter Sorgfalt<br>zusammengestellt und gepr\u00fcft. Trotzdem kann keine Gew\u00e4hr \u2013 weder<br>ausdr\u00fccklich noch stillschweigend \u2013 f\u00fcr die Vollst\u00e4ndigkeit,<br>Fehlerfreiheit, Aktualit\u00e4t oder Qualit\u00e4t und jederzeitige<br>Verf\u00fcgbarkeit der bereit gestellten Informationen \u00fcbernommen<br>werden.<\/p>\n\n\n\n<p class=\"has-medium-font-size\">Alle&nbsp;Angebote sind freibleibend und unverbindlich. Wir behalten uns<br>ausdr\u00fccklich vor, Teile der Website oder das gesamte Angebot ohne<br>gesonderte Ank\u00fcndigung zu ver\u00e4ndern, zu erg\u00e4nzen, zu l\u00f6schen oder<br>die Ver\u00f6ffentlichung zeitweise oder endg\u00fcltig einzustellen.<\/p>\n\n\n\n<p class=\"has-medium-font-size\"><strong>Webseiten&nbsp;dritter Anbieter\/Links:<\/strong><br>Diese&nbsp;Website enth\u00e4lt Links oder Verweise auf Webseiten Dritter, auf deren<br>Inhalt wir keinen Einfluss haben. Wir machen uns die Inhalte auf den<br>verlinkten Webseiten &nbsp;ausdr\u00fccklich nicht zu eigen. Wir<br>erkl\u00e4ren, dass zum Zeitpunkt der Verlinkung der Webseiten Dritter<br>keine rechtswidrigen Inhalte auf den verlinkten Seiten erkennbar<br>waren. Bei Kenntnis etwaiger Rechtsverletzungen auf von uns<br>verlinkten Webseiten Dritter, werden wir die entsprechenden Links<br>unverz\u00fcglich entfernen.<\/p>\n\n\n\n<p class=\"has-medium-font-size\"><strong>Urheberrecht:<\/strong><br>Die&nbsp;auf dieser Webseite befindlichen Texte, Bilder, Grafiken, Animationen<br>oder deren Anordnung unterliegen dem Schutz durch das Urheberrecht<br>und anderer Schutzgesetze. Die Vervielf\u00e4ltigung, Bearbeitung,<br>Verbreitung und jede Art der Verwertung au\u00dferhalb der Schranken des<br>Urheberrechtes bedarf der vorherigen schriftlichen Zustimmung des<br>Rechteinhabers. Die Inhalte dieser Internetpr\u00e4senz d\u00fcrfen ohne<br>schriftliche Zustimmung des Rechteinhabers nicht zu kommerziellen<br>Zwecken verwertet werden.<\/p>\n\n\n\n<p class=\"has-medium-font-size\">Hinsichtlich nicht vom Betreiber erstellter Inhalte, erfolgt die Nutzung unter<br>Wahrung der Urheberrechte Dritter.<\/p>\n\n\n\n<p class=\"has-medium-font-size\"><\/p>\n","protected":false},"excerpt":{"rendered":"<p>Angaben gem\u00e4\u00df \u00a7 5 TMG: mannschaftsfuehrung.de eine Marke der International Football Concepts GmbH Zurstra\u00dfenweg&nbsp;9 48231&nbsp;Warendorf E-Mail: info@mannschaftsfuehrung.de&nbsp; Internet: https:\/\/mannschaftsfuehrung.de Gesch\u00e4ftsf\u00fchrer:Thorsten Fluck und Alexander Nouri Amtsgericht&nbsp;Warendorf, HRB 17915Sitz&nbsp;der Gesellschaft: Warendorf Umsatzsteuer-Identifikationsnummer gem\u00e4\u00df \u00a727 a&nbsp;Umsatzsteuergesetz: DE 323 787 757 Grafiken: Lamers Mediaservice Bannerfoto: Alberto Fr\u00edas\/Unsplash Plattform der EU-Kommission zur Online-Streitbeilegung:&nbsp; https:\/\/ec.europa.eu\/odr Wir sind zur Teilnahme an einem Streitbeilegungsverfahren vor einer Verbraucherschlichtungsstelle weder verpflichtet noch bereit. Haftungsausschluss&nbsp;(Disclaimer) Diese&nbsp;folgenden Bestimmungen sind als Teil unserer Internetpr\u00e4senz unterhttps:\/\/mannschaftsfuehrung.de zu betrachten. Allgemeines:Die&nbsp;Angaben und Informationen auf dieser Internetpr\u00e4senz erfolgen zuallgemeinen Informationszwecken. Sie wurden mit gr\u00f6\u00dfter Sorgfaltzusammengestellt und gepr\u00fcft. Trotzdem kann keine Gew\u00e4hr \u2013 wederausdr\u00fccklich noch stillschweigend \u2013 f\u00fcr&#8230; <\/p>\n","protected":false},"author":1,"featured_media":0,"parent":0,"menu_order":0,"comment_status":"closed","ping_status":"closed","template":"template-parts\/template-no-sidebar.php","meta":{"footnotes":""},"class_list":["post-45","page","type-page","status-publish","hentry"],"_links":{"self":[{"href":"https:\/\/mannschaftsfuehrung.de\/de\/wp-json\/wp\/v2\/pages\/45","targetHints":{"allow":["GET"]}}],"collection":[{"href":"https:\/\/mannschaftsfuehrung.de\/de\/wp-json\/wp\/v2\/pages"}],"about":[{"href":"https:\/\/mannschaftsfuehrung.de\/de\/wp-json\/wp\/v2\/types\/page"}],"author":[{"embeddable":true,"href":"https:\/\/mannschaftsfuehrung.de\/de\/wp-json\/wp\/v2\/users\/1"}],"replies":[{"embeddable":true,"href":"https:\/\/mannschaftsfuehrung.de\/de\/wp-json\/wp\/v2\/comments?post=45"}],"version-history":[{"count":10,"href":"https:\/\/mannschaftsfuehrung.de\/de\/wp-json\/wp\/v2\/pages\/45\/revisions"}],"predecessor-version":[{"id":2743,"href":"https:\/\/mannschaftsfuehrung.de\/de\/wp-json\/wp\/v2\/pages\/45\/revisions\/2743"}],"wp:attachment":[{"href":"https:\/\/mannschaftsfuehrung.de\/de\/wp-json\/wp\/v2\/media?parent=45"}],"curies":[{"name":"wp","href":"https:\/\/api.w.org\/{rel}","templated":true}]}}