{"id":1998,"date":"2022-02-22T21:59:34","date_gmt":"2022-02-22T20:59:34","guid":{"rendered":"http:\/\/mannschaftsfuehrung.voltsystems.de\/?page_id=1998"},"modified":"2022-06-01T22:42:52","modified_gmt":"2022-06-01T20:42:52","slug":"2-teil-der-analyse","status":"publish","type":"page","link":"https:\/\/mannschaftsfuehrung.de\/de\/2-teil-der-analyse\/","title":{"rendered":"Teil 2"},"content":{"rendered":"\t\t<div data-elementor-type=\"wp-page\" data-elementor-id=\"1998\" class=\"elementor elementor-1998\">\n\t\t\t\t\t\t\t\t\t<section class=\"elementor-section elementor-top-section elementor-element elementor-element-df689b6 elementor-section-boxed elementor-section-height-default elementor-section-height-default\" data-id=\"df689b6\" data-element_type=\"section\">\n\t\t\t\t\t\t<div class=\"elementor-container elementor-column-gap-default\">\n\t\t\t\t\t<div class=\"elementor-column elementor-col-100 elementor-top-column elementor-element elementor-element-6972adb\" data-id=\"6972adb\" data-element_type=\"column\">\n\t\t\t<div class=\"elementor-widget-wrap elementor-element-populated\">\n\t\t\t\t\t\t\t\t<div class=\"elementor-element elementor-element-b3e02e4 elementor-widget elementor-widget-heading\" data-id=\"b3e02e4\" data-element_type=\"widget\" data-widget_type=\"heading.default\">\n\t\t\t\t<div class=\"elementor-widget-container\">\n\t\t\t<style>\/*! elementor - v3.18.0 - 20-12-2023 *\/\n.elementor-heading-title{padding:0;margin:0;line-height:1}.elementor-widget-heading .elementor-heading-title[class*=elementor-size-]>a{color:inherit;font-size:inherit;line-height:inherit}.elementor-widget-heading .elementor-heading-title.elementor-size-small{font-size:15px}.elementor-widget-heading .elementor-heading-title.elementor-size-medium{font-size:19px}.elementor-widget-heading .elementor-heading-title.elementor-size-large{font-size:29px}.elementor-widget-heading .elementor-heading-title.elementor-size-xl{font-size:39px}.elementor-widget-heading .elementor-heading-title.elementor-size-xxl{font-size:59px}<\/style><h2 class=\"elementor-heading-title elementor-size-default\">F\u00fchrung durch Kommunikationsst\u00e4rke<\/h2>\t\t<\/div>\n\t\t\t\t<\/div>\n\t\t\t\t\t<\/div>\n\t\t<\/div>\n\t\t\t\t\t\t\t<\/div>\n\t\t<\/section>\n\t\t\t\t<section class=\"elementor-section elementor-top-section elementor-element elementor-element-1dc80b5 elementor-section-boxed elementor-section-height-default elementor-section-height-default\" data-id=\"1dc80b5\" data-element_type=\"section\">\n\t\t\t\t\t\t<div class=\"elementor-container elementor-column-gap-default\">\n\t\t\t\t\t<div class=\"elementor-column elementor-col-100 elementor-top-column elementor-element elementor-element-65c8b19\" data-id=\"65c8b19\" data-element_type=\"column\">\n\t\t\t<div class=\"elementor-widget-wrap elementor-element-populated\">\n\t\t\t\t\t\t\t\t<div class=\"elementor-element elementor-element-0f5f7e4 elementor-widget elementor-widget-text-editor\" data-id=\"0f5f7e4\" data-element_type=\"widget\" data-widget_type=\"text-editor.default\">\n\t\t\t\t<div class=\"elementor-widget-container\">\n\t\t\t<style>\/*! elementor - v3.18.0 - 20-12-2023 *\/\n.elementor-widget-text-editor.elementor-drop-cap-view-stacked .elementor-drop-cap{background-color:#69727d;color:#fff}.elementor-widget-text-editor.elementor-drop-cap-view-framed .elementor-drop-cap{color:#69727d;border:3px solid;background-color:transparent}.elementor-widget-text-editor:not(.elementor-drop-cap-view-default) .elementor-drop-cap{margin-top:8px}.elementor-widget-text-editor:not(.elementor-drop-cap-view-default) .elementor-drop-cap-letter{width:1em;height:1em}.elementor-widget-text-editor .elementor-drop-cap{float:left;text-align:center;line-height:1;font-size:50px}.elementor-widget-text-editor .elementor-drop-cap-letter{display:inline-block}<\/style>\t\t\t\t<p>In Teil 2 findest Du ein Feedback dar\u00fcber, wie ausgepr\u00e4gt Deine Ansprache, Dein Auftreten und Deine Werte und Haltung individuell und im Vergleich mit anderen Trainern sind.<\/p>\t\t\t\t\t\t<\/div>\n\t\t\t\t<\/div>\n\t\t\t\t\t<\/div>\n\t\t<\/div>\n\t\t\t\t\t\t\t<\/div>\n\t\t<\/section>\n\t\t\t\t<section class=\"elementor-section elementor-top-section elementor-element elementor-element-a6cbf04 elementor-section-boxed elementor-section-height-default elementor-section-height-default\" data-id=\"a6cbf04\" data-element_type=\"section\">\n\t\t\t\t\t\t<div class=\"elementor-container elementor-column-gap-default\">\n\t\t\t\t\t<div class=\"elementor-column elementor-col-100 elementor-top-column elementor-element elementor-element-f491a4a\" data-id=\"f491a4a\" data-element_type=\"column\">\n\t\t\t<div class=\"elementor-widget-wrap elementor-element-populated\">\n\t\t\t\t\t\t\t\t<div class=\"elementor-element elementor-element-81b3160 elementor-widget elementor-widget-text-editor\" data-id=\"81b3160\" data-element_type=\"widget\" data-widget_type=\"text-editor.default\">\n\t\t\t\t<div class=\"elementor-widget-container\">\n\t\t\t\t\t\t\t<p>Hier siehst Du, wie die Auswertung Deiner Kommunikationsst\u00e4rke zu verstehen ist.<\/p><p>Jeweils f\u00fcr Ansprache, Auftreten und Werte+Haltung variiert Dein Prozentrang zwischen:<\/p><ul><li><strong>Tagesformabh\u00e4ngig<\/strong> <strong>(Prozentrang 1-30%)<\/strong>: Du wei\u00dft grunds\u00e4tzlich, wie Du Dein Team am Besten erreichst und tagesformabh\u00e4ngig gelingt Dir die Umsetzung mal besser, mal weniger gut.<\/li><li><strong>Stetig<\/strong> <strong>(Prozentrang 30-60%)<\/strong>: Du kennst und beherrschst Techniken charismatischer-vision\u00e4rer F\u00fchrung und wendest sie meistens erfolgreich an.<\/li><li><strong>Souver\u00e4n (Prozentrang 61-100%)<\/strong>: eine charismatisch-vision\u00e4re F\u00fchrung gelingt Dir fast automatisch, Du wirkst stark positiv und aktivierend auf Dein Team, ohne dass Du Dich dessen h\u00e4ufig bewusst bist oder viel dar\u00fcber nachdenkst.<\/li><\/ul>\t\t\t\t\t\t<\/div>\n\t\t\t\t<\/div>\n\t\t\t\t\t<\/div>\n\t\t<\/div>\n\t\t\t\t\t\t\t<\/div>\n\t\t<\/section>\n\t\t\t\t<section class=\"elementor-section elementor-top-section elementor-element elementor-element-51d18ff elementor-section-boxed elementor-section-height-default elementor-section-height-default\" data-id=\"51d18ff\" data-element_type=\"section\">\n\t\t\t\t\t\t<div class=\"elementor-container elementor-column-gap-default\">\n\t\t\t\t\t<div class=\"elementor-column elementor-col-100 elementor-top-column elementor-element elementor-element-5aee40d\" data-id=\"5aee40d\" data-element_type=\"column\">\n\t\t\t<div class=\"elementor-widget-wrap elementor-element-populated\">\n\t\t\t\t\t\t\t\t<div class=\"elementor-element elementor-element-34cbafb elementor-widget elementor-widget-image\" data-id=\"34cbafb\" data-element_type=\"widget\" data-widget_type=\"image.default\">\n\t\t\t\t<div class=\"elementor-widget-container\">\n\t\t\t<style>\/*! elementor - v3.18.0 - 20-12-2023 *\/\n.elementor-widget-image{text-align:center}.elementor-widget-image a{display:inline-block}.elementor-widget-image a img[src$=\".svg\"]{width:48px}.elementor-widget-image img{vertical-align:middle;display:inline-block}<\/style>\t\t\t\t\t\t\t\t\t\t\t\t<img decoding=\"async\" src=\"https:\/\/mannschaftsfuehrung.de\/wp-content\/plugins\/elementor\/assets\/images\/placeholder.png\" title=\"\" alt=\"\" loading=\"lazy\" \/>\t\t\t\t\t\t\t\t\t\t\t\t\t\t\t<\/div>\n\t\t\t\t<\/div>\n\t\t\t\t\t<\/div>\n\t\t<\/div>\n\t\t\t\t\t\t\t<\/div>\n\t\t<\/section>\n\t\t\t\t<section class=\"elementor-section elementor-top-section elementor-element elementor-element-6fa61c2 elementor-section-boxed elementor-section-height-default elementor-section-height-default\" data-id=\"6fa61c2\" data-element_type=\"section\">\n\t\t\t\t\t\t<div class=\"elementor-container elementor-column-gap-default\">\n\t\t\t\t\t<div class=\"elementor-column elementor-col-100 elementor-top-column elementor-element elementor-element-4982f42\" data-id=\"4982f42\" data-element_type=\"column\">\n\t\t\t<div class=\"elementor-widget-wrap elementor-element-populated\">\n\t\t\t\t\t\t\t\t<div class=\"elementor-element elementor-element-ee7840c elementor-widget elementor-widget-spacer\" data-id=\"ee7840c\" data-element_type=\"widget\" data-widget_type=\"spacer.default\">\n\t\t\t\t<div class=\"elementor-widget-container\">\n\t\t\t<style>\/*! elementor - v3.18.0 - 20-12-2023 *\/\n.elementor-column .elementor-spacer-inner{height:var(--spacer-size)}.e-con{--container-widget-width:100%}.e-con-inner>.elementor-widget-spacer,.e-con>.elementor-widget-spacer{width:var(--container-widget-width,var(--spacer-size));--align-self:var(--container-widget-align-self,initial);--flex-shrink:0}.e-con-inner>.elementor-widget-spacer>.elementor-widget-container,.e-con>.elementor-widget-spacer>.elementor-widget-container{height:100%;width:100%}.e-con-inner>.elementor-widget-spacer>.elementor-widget-container>.elementor-spacer,.e-con>.elementor-widget-spacer>.elementor-widget-container>.elementor-spacer{height:100%}.e-con-inner>.elementor-widget-spacer>.elementor-widget-container>.elementor-spacer>.elementor-spacer-inner,.e-con>.elementor-widget-spacer>.elementor-widget-container>.elementor-spacer>.elementor-spacer-inner{height:var(--container-widget-height,var(--spacer-size))}.e-con-inner>.elementor-widget-spacer.elementor-widget-empty,.e-con>.elementor-widget-spacer.elementor-widget-empty{position:relative;min-height:22px;min-width:22px}.e-con-inner>.elementor-widget-spacer.elementor-widget-empty .elementor-widget-empty-icon,.e-con>.elementor-widget-spacer.elementor-widget-empty .elementor-widget-empty-icon{position:absolute;top:0;bottom:0;left:0;right:0;margin:auto;padding:0;width:22px;height:22px}<\/style>\t\t<div class=\"elementor-spacer\">\n\t\t\t<div class=\"elementor-spacer-inner\"><\/div>\n\t\t<\/div>\n\t\t\t\t<\/div>\n\t\t\t\t<\/div>\n\t\t\t\t\t<\/div>\n\t\t<\/div>\n\t\t\t\t\t\t\t<\/div>\n\t\t<\/section>\n\t\t\t\t<section class=\"elementor-section elementor-top-section elementor-element elementor-element-38c6522 elementor-section-boxed elementor-section-height-default elementor-section-height-default\" data-id=\"38c6522\" data-element_type=\"section\">\n\t\t\t\t\t\t<div class=\"elementor-container elementor-column-gap-default\">\n\t\t\t\t\t<div class=\"elementor-column elementor-col-100 elementor-top-column elementor-element elementor-element-a069eae\" data-id=\"a069eae\" data-element_type=\"column\">\n\t\t\t<div class=\"elementor-widget-wrap elementor-element-populated\">\n\t\t\t\t\t\t\t\t<div class=\"elementor-element elementor-element-39c97ab elementor-widget elementor-widget-text-editor\" data-id=\"39c97ab\" data-element_type=\"widget\" data-widget_type=\"text-editor.default\">\n\t\t\t\t<div class=\"elementor-widget-container\">\n\t\t\t\t\t\t\t<p>Als charismatischer Trainer stehst Du f\u00fcr eine Vision mit Sogwirkung, setzt ambitionierte Ziele, vertrittst klare Werte und wei\u00dft, wie realistische Wege zur Zielerreichung aufzuzeigen sind.<\/p><p>Du bist von Deiner Vision \u00fcberzeugt und genau mit <br \/>dieser inspirierenden \u00dcberzeugungskraft vereinst Du Dein Team f\u00fcr das gemeinsame Ziel.<\/p><p>Je st\u00e4rker Deine Rollenkompetenz im Strategiefeld Kollaboration ausf\u00e4llt, desto eher w\u00fcrdest Du dem folgenden Motto zustimmen: wenn die Beziehung stimmt, stimmt auch die Leistung!<\/p>\t\t\t\t\t\t<\/div>\n\t\t\t\t<\/div>\n\t\t\t\t\t<\/div>\n\t\t<\/div>\n\t\t\t\t\t\t\t<\/div>\n\t\t<\/section>\n\t\t\t\t\t\t\t<\/div>\n\t\t","protected":false},"excerpt":{"rendered":"<p>F\u00fchrung durch Kommunikationsst\u00e4rke In Teil 2 findest Du ein Feedback dar\u00fcber, wie ausgepr\u00e4gt Deine Ansprache, Dein Auftreten und Deine Werte und Haltung individuell und im Vergleich mit anderen Trainern sind. Hier siehst Du, wie die Auswertung Deiner Kommunikationsst\u00e4rke zu verstehen ist. Jeweils f\u00fcr Ansprache, Auftreten und Werte+Haltung variiert Dein Prozentrang zwischen: Tagesformabh\u00e4ngig (Prozentrang 1-30%): Du wei\u00dft grunds\u00e4tzlich, wie Du Dein Team am Besten erreichst und tagesformabh\u00e4ngig gelingt Dir die Umsetzung mal besser, mal weniger gut. Stetig (Prozentrang 30-60%): Du kennst und beherrschst Techniken charismatischer-vision\u00e4rer F\u00fchrung und wendest sie meistens erfolgreich an. Souver\u00e4n (Prozentrang 61-100%): eine charismatisch-vision\u00e4re F\u00fchrung gelingt Dir fast&#8230; <\/p>\n","protected":false},"author":1,"featured_media":0,"parent":0,"menu_order":0,"comment_status":"closed","ping_status":"closed","template":"","meta":{"footnotes":""},"class_list":["post-1998","page","type-page","status-publish","hentry"],"_links":{"self":[{"href":"https:\/\/mannschaftsfuehrung.de\/de\/wp-json\/wp\/v2\/pages\/1998","targetHints":{"allow":["GET"]}}],"collection":[{"href":"https:\/\/mannschaftsfuehrung.de\/de\/wp-json\/wp\/v2\/pages"}],"about":[{"href":"https:\/\/mannschaftsfuehrung.de\/de\/wp-json\/wp\/v2\/types\/page"}],"author":[{"embeddable":true,"href":"https:\/\/mannschaftsfuehrung.de\/de\/wp-json\/wp\/v2\/users\/1"}],"replies":[{"embeddable":true,"href":"https:\/\/mannschaftsfuehrung.de\/de\/wp-json\/wp\/v2\/comments?post=1998"}],"version-history":[{"count":11,"href":"https:\/\/mannschaftsfuehrung.de\/de\/wp-json\/wp\/v2\/pages\/1998\/revisions"}],"predecessor-version":[{"id":2299,"href":"https:\/\/mannschaftsfuehrung.de\/de\/wp-json\/wp\/v2\/pages\/1998\/revisions\/2299"}],"wp:attachment":[{"href":"https:\/\/mannschaftsfuehrung.de\/de\/wp-json\/wp\/v2\/media?parent=1998"}],"curies":[{"name":"wp","href":"https:\/\/api.w.org\/{rel}","templated":true}]}}